{"id":4618,"date":"2018-05-22T18:38:16","date_gmt":"2018-05-22T16:38:16","guid":{"rendered":"http:\/\/www.sim-pel.de\/?page_id=4618"},"modified":"2018-05-25T09:22:40","modified_gmt":"2018-05-25T07:22:40","slug":"datenschutzerklaerung","status":"publish","type":"page","link":"https:\/\/www.sim-pel.de\/en\/datenschutzerklaerung\/","title":{"rendered":"(Deutsch) Datenschutzerkl\u00e4rung"},"content":{"rendered":"<p class=\"qtranxs-available-languages-message qtranxs-available-languages-message-en\">Sorry, this entry is only available in <a href=\"https:\/\/www.sim-pel.de\/de\/wp-json\/wp\/v2\/pages\/4618\" class=\"qtranxs-available-language-link qtranxs-available-language-link-de\" title=\"Deutsch\">German<\/a>.<\/p>","protected":false},"excerpt":{"rendered":"<p>Sorry, this entry is only available in German.<\/p>\n","protected":false},"author":1,"featured_media":0,"parent":0,"menu_order":0,"comment_status":"closed","ping_status":"closed","template":"","meta":{"advanced_seo_description":"","spay_email":""},"jetpack_sharing_enabled":true,"jetpack_shortlink":"https:\/\/wp.me\/P8hcrW-1cu","jetpack-related-posts":[{"id":252,"url":"https:\/\/www.sim-pel.de\/en\/impressum\/","url_meta":{"origin":4618,"position":0},"title":"Impressum","date":"Thursday September 25th, 2014","format":false,"excerpt":"[vc_row][vc_column][vc_column_text]SIM-pel\u00a0GbR Bergheimer Stra\u00dfe 147 DE - 69115 Telefon: 06221 3929170 E-Mail: info@sim-pel.de Gesch\u00e4ftsf\u00fchrende Gesellschafter: Eric Desche, Sven Kummert Verantwortliche i.S.d. \u00a7 55 Abs. 2 RStV: Sven Kummert, Bergheimer Stra\u00dfe 147, 69115 Heidelberg \u00a0 Disclaimer * Haftungsbeschr\u00e4nkung f\u00fcr eigene Inhalte Alle Inhalte unseres Internetauftritts wurden mit Sorgfalt und nach bestem Gewissen\u2026","rel":"","context":"Similar post","img":{"alt_text":"","src":"","width":0,"height":0},"classes":[]},{"id":1742,"url":"https:\/\/www.sim-pel.de\/en\/","url_meta":{"origin":4618,"position":1},"title":"Homepage 15","date":"Monday October 27th, 2014","format":false,"excerpt":"[vc_row type=\"full_width_background\" bg_position=\"left top\" bg_repeat=\"no-repeat\" overlay_opacity=\"0.5\" overlay_zindex=\"1\" text_color=\"dark\" top_padding=\"80\" bottom_padding=\"0\" bg_position_2=\"left top\" bg_repeat_2=\"no-repeat\" overlay_opacity_2=\"0.65\" overlay_zindex_2=\"1\" overlay=\"true\"][vc_column width=\"1\/1\" centered_cont=\"\" background_color_opacity=\"1\" font_color=\"#000000\"][rev_slider_vc alias=\"SIM\"][divider style=\"big_shadow\" margin_top=\"-35px\"][el_head dynamic_title=\"Das digitale Fenster zu Ihren Kunden.\"][vc_column_text]Ein Kunde nutzt eines Ihrer Ger\u00e4te. Er ist zufrieden \u2013 hat aber eine Frage zur Funktionalit\u00e4t oder eine St\u00f6rung. Nun sucht er\u2026","rel":"","context":"Similar post","img":{"alt_text":"","src":"","width":0,"height":0},"classes":[]},{"id":181,"url":"https:\/\/www.sim-pel.de\/en\/best-practice\/","url_meta":{"origin":4618,"position":2},"title":"Anwendungsgebiete","date":"Wednesday January  7th, 2015","format":false,"excerpt":"Wo kann SIM-pel Ihnen helfen? Und was sind die Vorteile gegen\u00fcber anderen Maintenance-L\u00f6sungen? Das Alleinstellungsmerkmal unseres\u00a0Service-Systems ist dabei die Unabh\u00e4ngigkeit von Apps und die einfache Handhabung. Den Gateway zwischen Kunden und Hersteller bieten dabei ein intelligenter QR-Code, der bei der Installation oder auch jederzeit nachtr\u00e4glich auf die bereits installierten Anlagen\u2026","rel":"","context":"Similar post","img":{"alt_text":"mockup-mockerie-io-mockup-41-1480930716538","src":"https:\/\/i0.wp.com\/www.sim-pel.de\/wp-content\/uploads\/2015\/01\/mockup-mockerie-io-mockup-41-1480930716538-1024x589.png?resize=350%2C200&ssl=1","width":350,"height":200},"classes":[]},{"id":4471,"url":"https:\/\/www.sim-pel.de\/en\/anwendungsbeispiele\/","url_meta":{"origin":4618,"position":3},"title":"Best Practice","date":"Tuesday December 20th, 2016","format":false,"excerpt":"For craftsmen: For craft enterprises, no matter how big or small, in the end most of the work after an installation is repairing and maintaining. The client will only trey to get in contact with you when something is not working right - in this case it often can't get\u2026","rel":"","context":"Similar post","img":{"alt_text":"Handwerker dank SIM-pel","src":"https:\/\/i0.wp.com\/www.sim-pel.de\/wp-content\/uploads\/2016\/12\/building-1080592_1920-1024x681.jpg?resize=350%2C200&ssl=1","width":350,"height":200},"classes":[]},{"id":4574,"url":"https:\/\/www.sim-pel.de\/en\/best-practice\/service-mit-sim-pel\/","url_meta":{"origin":4618,"position":4},"title":"(Deutsch) Maschinen und Anlagen","date":"Monday January 29th, 2018","format":false,"excerpt":"Sorry, this entry is only available in German.","rel":"","context":"Similar post","img":{"alt_text":"","src":"https:\/\/i0.wp.com\/www.sim-pel.de\/wp-content\/uploads\/2017\/07\/simpelmock3.png?resize=350%2C200&ssl=1","width":350,"height":200},"classes":[]},{"id":4578,"url":"https:\/\/www.sim-pel.de\/en\/sim-pel-im-after-sales\/","url_meta":{"origin":4618,"position":5},"title":"(Deutsch) SIM-pel im After Sales","date":"Monday January 29th, 2018","format":false,"excerpt":"Sorry, this entry is only available in German.","rel":"","context":"Similar post","img":{"alt_text":"","src":"","width":0,"height":0},"classes":[]}],"_links":{"self":[{"href":"https:\/\/www.sim-pel.de\/en\/wp-json\/wp\/v2\/pages\/4618"}],"collection":[{"href":"https:\/\/www.sim-pel.de\/en\/wp-json\/wp\/v2\/pages"}],"about":[{"href":"https:\/\/www.sim-pel.de\/en\/wp-json\/wp\/v2\/types\/page"}],"author":[{"embeddable":true,"href":"https:\/\/www.sim-pel.de\/en\/wp-json\/wp\/v2\/users\/1"}],"replies":[{"embeddable":true,"href":"https:\/\/www.sim-pel.de\/en\/wp-json\/wp\/v2\/comments?post=4618"}],"version-history":[{"count":3,"href":"https:\/\/www.sim-pel.de\/en\/wp-json\/wp\/v2\/pages\/4618\/revisions"}],"predecessor-version":[{"id":4622,"href":"https:\/\/www.sim-pel.de\/en\/wp-json\/wp\/v2\/pages\/4618\/revisions\/4622"}],"wp:attachment":[{"href":"https:\/\/www.sim-pel.de\/en\/wp-json\/wp\/v2\/media?parent=4618"}],"curies":[{"name":"wp","href":"https:\/\/api.w.org\/{rel}","templated":true}]}}