{"id":252,"date":"2014-09-25T14:33:12","date_gmt":"2014-09-25T12:33:12","guid":{"rendered":"http:\/\/newthemes.themeple.co\/solveto\/?page_id=2"},"modified":"2017-01-05T09:43:03","modified_gmt":"2017-01-05T08:43:03","slug":"impressum","status":"publish","type":"page","link":"https:\/\/www.sim-pel.de\/en\/impressum\/","title":{"rendered":"Impressum"},"content":{"rendered":"<p>[vc_row][vc_column][vc_column_text]SIM-pel\u00a0GbR<\/p>\n<p>Bergheimer Stra\u00dfe 147<br \/>\nDE &#8211; 69115<\/p>\n<p>Telefon: 06221 3929170<\/p>\n<p>E-Mail: info@sim-pel.de<\/p>\n<p>Gesch\u00e4ftsf\u00fchrende Gesellschafter: Eric Desche, Sven Kummert<\/p>\n<p><strong>Verantwortliche i.S.d. \u00a7 55 Abs. 2 RStV<\/strong>: Sven Kummert, Bergheimer Stra\u00dfe 147, 69115 Heidelberg<\/p>\n<p>&nbsp;<\/p>\n<div class=\"vc_row wpb_row vc_row-fluid\">\n<div class=\"vc_col-sm-12 wpb_column vc_column_container\">\n<div class=\"wpb_wrapper\">\n<div class=\"wpb_text_column wpb_content_element \">\n<div class=\"wpb_wrapper\">\n<p>Disclaimer<\/p>\n<p>* Haftungsbeschr\u00e4nkung f\u00fcr eigene Inhalte Alle Inhalte unseres Internetauftritts wurden mit Sorgfalt und nach bestem Gewissen erstellt. Eine Gew\u00e4hr f\u00fcr die Aktualit\u00e4t, Vollst\u00e4ndigkeit und Richtigkeit s\u00e4mtlicher Seiten kann jedoch nicht \u00fcbernommen werden. Gem\u00e4\u00df \u00a7 7 Abs. 1 TMG sind wir als Dienstanbieter f\u00fcr eigene Inhalte auf diesen Seiten nach den allgemeinen Gesetzen verantwortlich, nach den \u00a7\u00a7 8 bis 10 TMG jedoch nicht verpflichtet, die \u00fcbermittelten oder gespeicherten fremden Informationen zu \u00fcberwachen. Eine umgehende Entfernung dieser Inhalte erfolgt ab dem Zeitpunkt der Kenntnis einer konkreten Rechtsverletzung und wir haften nicht vor dem Zeitpunkt der Kenntniserlangung.<\/p>\n<p>* Haftungsbeschr\u00e4nkung f\u00fcr externe Links Unsere Webseite enth\u00e4lt sog. \u201eexterne Links\u201c (Verkn\u00fcpfungen zu Webseiten Dritter), auf deren Inhalt wir keinen Einfluss haben und f\u00fcr den wir aus diesem Grund keine Gew\u00e4hr \u00fcbernehmen. F\u00fcr die Inhalte und Richtigkeit der Informationen ist der jeweilige Informationsanbieter der verlinkten Webseite verantwortlich. Als die Verlinkung vorgenommen wurde, waren f\u00fcr uns keine Rechtsverst\u00f6\u00dfe erkennbar. Sollte uns eine Rechtsverletzung bekannt werden, wird der jeweilige Link umgehend von uns entfernt.<\/p>\n<p>* Urheberrecht Die auf dieser Webseite ver\u00f6ffentlichten Inhalte und Werke unterliegen dem deutschen Urheberrecht. Jede Art der Vervielf\u00e4ltigung, Bearbeitung, Verbreitung und jede Art der Verwertung au\u00dferhalb der Grenzen des Urheberrechts bedarf der vorherigen schriftlichen Zustimmung des jeweiligen Urhebers bzw. Autors.<\/p>\n<p>* Datenschutz Durch den Besuch unseres Internetauftritts k\u00f6nnen Informationen \u00fcber den Zugriff (Datum, Uhrzeit, aufgerufene Seite) auf dem Server gespeichert werden. Dies stellt keine Auswertung personenbezogener Daten (z.B. Name, Anschrift oder E-Mail Adresse) dar. Sofern personenbezogene Daten erhoben werden, erfolgt dies \u2013 sofern m\u00f6glich \u2013 nur mit dem vorherigen Einverst\u00e4ndnis des Nutzers der Webseite. Eine Weiterleitung der Daten an Dritte findet ohne ausdr\u00fcckliche Zustimmung des Nutzers nicht statt. Wir weisen ausdr\u00fccklich darauf hin, dass die \u00dcbertragung von Daten im Internet (z.B. per E-Mail) Sicherheitsl\u00fccken aufweisen kann. Ein l\u00fcckenloser Schutz der Daten vor dem Zugriff Dritter kann nicht gew\u00e4hrleistet werden. Wir k\u00f6nnen keine Haftung f\u00fcr die durch solche Sicherheitsl\u00fccken entstehenden Sch\u00e4den \u00fcbernehmen. Der Verwendung ver\u00f6ffentlichter Kontaktdaten durch Dritte zum Zwecke von Werbung wird ausdr\u00fccklich widersprochen. Wir behalten uns rechtliche Schritte f\u00fcr den Fall der unverlangten Zusendung von Werbeinformationen, z.B. durch Spam-Mails, vor.<\/p>\n<p>Quelle: Disclaimer-Muster<\/p>\n<\/div>\n<\/div>\n<\/div>\n<\/div>\n<\/div>\n<p>[\/vc_column_text][\/vc_column][\/vc_row]<\/p>\n","protected":false},"excerpt":{"rendered":"<p>[vc_row][vc_column][vc_column_text]SIM-pel\u00a0GbR Bergheimer Stra\u00dfe 147 DE &#8211; 69115 Telefon: 06221 3929170 E-Mail: info@sim-pel.de Gesch\u00e4ftsf\u00fchrende Gesellschafter: Eric Desche, Sven Kummert Verantwortliche i.S.d. \u00a7 55 Abs. 2 RStV: Sven Kummert, Bergheimer Stra\u00dfe 147, &#8230;<\/p>\n","protected":false},"author":1,"featured_media":0,"parent":0,"menu_order":0,"comment_status":"closed","ping_status":"closed","template":"template-fullwidth.php","meta":{"advanced_seo_description":"","spay_email":""},"jetpack_sharing_enabled":true,"jetpack_shortlink":"https:\/\/wp.me\/P8hcrW-44","jetpack-related-posts":[{"id":1596,"url":"https:\/\/www.sim-pel.de\/en\/kontakt\/","url_meta":{"origin":252,"position":0},"title":"Ihre Ansprechpartner","date":"Saturday October 25th, 2014","format":false,"excerpt":"[vc_row][vc_column width=\"1\/2\"][vc_column_text] Gesch\u00e4ftsf\u00fchrer Eric Desche E-Mail: e.desche@service-conception.de Tel. : 08191 9477841 Service Conception GmbH Albert-Einstein-Stra\u00dfe 9 86899 Landsberg am Lech Email: info@service-conception.de Telefon: 08191 9477841[ [\/vc_column_text][\/vc_column][vc_column width=\"1\/2\"][vc_column_text] Vertriebsleiter Julian Scheer E-Mail:\u00a0julian.scheer@insinno.de Tel. : 0151 67200187 insinno\u00a0GmbH Bergheimer Stra\u00dfe 147 69115 Heidelberg Email: info@insinno.de Telefon:\u00a006221 3929 170[\/vc_column_text][\/vc_column][\/vc_row]","rel":"","context":"Similar post","img":{"alt_text":"","src":"https:\/\/i0.wp.com\/www.sim-pel.de\/wp-content\/uploads\/2017\/07\/Pressefoto-Sven-Kummert-2016_03_09-14_27_04-UTC-e1484048715720.jpg?resize=350%2C200&ssl=1","width":350,"height":200},"classes":[]},{"id":4499,"url":"https:\/\/www.sim-pel.de\/en\/contact\/","url_meta":{"origin":252,"position":1},"title":"(Deutsch) Contact","date":"Thursday January  5th, 2017","format":false,"excerpt":"Sorry, this entry is only available in German.","rel":"","context":"Similar post","img":{"alt_text":"","src":"https:\/\/i0.wp.com\/www.sim-pel.de\/wp-content\/uploads\/2016\/12\/Eric-Desche-300x290.jpg?resize=350%2C200&ssl=1","width":350,"height":200},"classes":[]},{"id":4618,"url":"https:\/\/www.sim-pel.de\/en\/datenschutzerklaerung\/","url_meta":{"origin":252,"position":2},"title":"(Deutsch) Datenschutzerkl\u00e4rung","date":"Tuesday May 22nd, 2018","format":false,"excerpt":"Sorry, this entry is only available in German.","rel":"","context":"Similar post","img":{"alt_text":"","src":"","width":0,"height":0},"classes":[]},{"id":181,"url":"https:\/\/www.sim-pel.de\/en\/best-practice\/","url_meta":{"origin":252,"position":3},"title":"Anwendungsgebiete","date":"Wednesday January  7th, 2015","format":false,"excerpt":"Wo kann SIM-pel Ihnen helfen? Und was sind die Vorteile gegen\u00fcber anderen Maintenance-L\u00f6sungen? Das Alleinstellungsmerkmal unseres\u00a0Service-Systems ist dabei die Unabh\u00e4ngigkeit von Apps und die einfache Handhabung. Den Gateway zwischen Kunden und Hersteller bieten dabei ein intelligenter QR-Code, der bei der Installation oder auch jederzeit nachtr\u00e4glich auf die bereits installierten Anlagen\u2026","rel":"","context":"Similar post","img":{"alt_text":"mockup-mockerie-io-mockup-41-1480930716538","src":"https:\/\/i0.wp.com\/www.sim-pel.de\/wp-content\/uploads\/2015\/01\/mockup-mockerie-io-mockup-41-1480930716538-1024x589.png?resize=350%2C200&ssl=1","width":350,"height":200},"classes":[]},{"id":4574,"url":"https:\/\/www.sim-pel.de\/en\/best-practice\/service-mit-sim-pel\/","url_meta":{"origin":252,"position":4},"title":"(Deutsch) Maschinen und Anlagen","date":"Monday January 29th, 2018","format":false,"excerpt":"Sorry, this entry is only available in German.","rel":"","context":"Similar post","img":{"alt_text":"","src":"https:\/\/i0.wp.com\/www.sim-pel.de\/wp-content\/uploads\/2017\/07\/simpelmock3.png?resize=350%2C200&ssl=1","width":350,"height":200},"classes":[]},{"id":4578,"url":"https:\/\/www.sim-pel.de\/en\/sim-pel-im-after-sales\/","url_meta":{"origin":252,"position":5},"title":"(Deutsch) SIM-pel im After Sales","date":"Monday January 29th, 2018","format":false,"excerpt":"Sorry, this entry is only available in German.","rel":"","context":"Similar post","img":{"alt_text":"","src":"","width":0,"height":0},"classes":[]}],"_links":{"self":[{"href":"https:\/\/www.sim-pel.de\/en\/wp-json\/wp\/v2\/pages\/252"}],"collection":[{"href":"https:\/\/www.sim-pel.de\/en\/wp-json\/wp\/v2\/pages"}],"about":[{"href":"https:\/\/www.sim-pel.de\/en\/wp-json\/wp\/v2\/types\/page"}],"author":[{"embeddable":true,"href":"https:\/\/www.sim-pel.de\/en\/wp-json\/wp\/v2\/users\/1"}],"replies":[{"embeddable":true,"href":"https:\/\/www.sim-pel.de\/en\/wp-json\/wp\/v2\/comments?post=252"}],"version-history":[{"count":6,"href":"https:\/\/www.sim-pel.de\/en\/wp-json\/wp\/v2\/pages\/252\/revisions"}],"predecessor-version":[{"id":4450,"href":"https:\/\/www.sim-pel.de\/en\/wp-json\/wp\/v2\/pages\/252\/revisions\/4450"}],"wp:attachment":[{"href":"https:\/\/www.sim-pel.de\/en\/wp-json\/wp\/v2\/media?parent=252"}],"curies":[{"name":"wp","href":"https:\/\/api.w.org\/{rel}","templated":true}]}}