{"id":181,"date":"2015-01-07T11:10:13","date_gmt":"2015-01-07T10:10:13","guid":{"rendered":"http:\/\/newthemes.themeple.co\/ausart\/?page_id=181"},"modified":"2017-09-22T13:27:15","modified_gmt":"2017-09-22T11:27:15","slug":"best-practice","status":"publish","type":"page","link":"https:\/\/www.sim-pel.de\/en\/best-practice\/","title":{"rendered":"Anwendungsgebiete"},"content":{"rendered":"<p><\/p>\n<h3 style=\"text-align: justify;\">Wo kann SIM-pel Ihnen helfen? Und was sind die Vorteile gegen\u00fcber anderen Maintenance-L\u00f6sungen?<\/h3>\n<p style=\"text-align: justify;\">Das Alleinstellungsmerkmal unseres\u00a0Service-Systems ist dabei die <em><strong>Unabh\u00e4ngigkeit von Apps<\/strong><\/em> und die <em><strong>einfache Handhabung<\/strong><\/em>. Den Gateway zwischen Kunden und Hersteller bieten dabei ein intelligenter QR-Code, der bei der Installation oder auch jederzeit nachtr\u00e4glich auf die bereits installierten Anlagen aufgebracht werden kann, und eine durch unseren Softwarepartner <a href=\"http:\/\/www.insinno.de\">insinno<\/a> f\u00fcr jeden Kunden individualisierte Serviceplattform. Mit dem ersten Scan wird die Anlage registriert und im System hinterlegt. Produktspezifikationen, Standort, Gebrauchsanleitung und die Herstellerwebsite sind dann f\u00fcr Kunden und Techniker nur noch einen Scan entfernt.<\/p>\n<p style=\"text-align: justify;\"><a href=\"https:\/\/www.sim-pel.de\/wp-content\/uploads\/2015\/01\/mockup-mockerie-io-mockup-41-1480930716538.png\"><img loading=\"lazy\" class=\" wp-image-4438 aligncenter\" src=\"https:\/\/www.sim-pel.de\/wp-content\/uploads\/2015\/01\/mockup-mockerie-io-mockup-41-1480930716538-1024x589.png\" alt=\"mockup-mockerie-io-mockup-41-1480930716538\" width=\"694\" height=\"399\" srcset=\"https:\/\/www.sim-pel.de\/wp-content\/uploads\/2015\/01\/mockup-mockerie-io-mockup-41-1480930716538-1024x589.png 1024w, https:\/\/www.sim-pel.de\/wp-content\/uploads\/2015\/01\/mockup-mockerie-io-mockup-41-1480930716538-300x172.png 300w, https:\/\/www.sim-pel.de\/wp-content\/uploads\/2015\/01\/mockup-mockerie-io-mockup-41-1480930716538-768x442.png 768w, https:\/\/www.sim-pel.de\/wp-content\/uploads\/2015\/01\/mockup-mockerie-io-mockup-41-1480930716538.png 1908w\" sizes=\"(max-width: 694px) 100vw, 694px\" \/><\/a>Dies sorgt f\u00fcr erhebliche <em><strong>Zeit- und Ressourceneinsparungen<\/strong><\/em>, das Suchen nach Servicerufnummern oder Seriennummern in Aktenordnern und Bedienungsanleitungen entf\u00e4llt genauso wie die Installation einer Hersteller-App. SIM-pel arbeitet stattdessen mit jedem handels\u00fcblichen QR-Scanner zusammen die meist schon standardm\u00e4\u00dfig auf allen g\u00e4ngigen Smartphones installiert sind.<\/p>\n<p style=\"text-align: justify;\">F\u00fcr Sven Kummert, Gesch\u00e4ftsf\u00fchrer von insinno, ist klar: <em><strong>\u201eSIM-pel bietet die einzigartige M\u00f6glichkeit OHNE die Installation einer Hersteller-App den Betreiber in die Lage zu versetzen, einen Service-Request mit Bild abzusetzen und auf einfachste Weise Ersatzteile und Verbrauchsmaterial beim Hersteller zu bestellen. SIM-pel bietet dabei sogar die M\u00f6glichkeit, bereits installierte Maschinen, Anlagen und Ger\u00e4te ohne gro\u00dfen Aufwand einzubinden. Das gab es bisher einfach noch nicht.<\/strong><\/em><\/p>\n<p style=\"text-align: justify;\">Die Anwendungsgebiete von SIM-pel sind dabei fast unendlich &#8211; zur Zeit setzen es Kunden in der Industrie, in Fitnessstudios, in Superm\u00e4rkten oder sogar auf Fahrrad-Rikschas in Berlin ein. SIM-pel l\u00e4sst sich au\u00dferdem modular erweitern und nach Ihren W\u00fcnschen anpassen:<\/p>\n<ul style=\"text-align: justify;\">\n<li>Facebook f\u00fcr Maschinen \u2013 St\u00e4ndige \u00dcbersicht \u00fcber Status-Updates bei der Instandhaltung von Maschinen<\/li>\n<li>Diebstahlschutz durch versteckte QR-Codes<\/li>\n<li>Ticketerfassung \u2013 Spielend leichte Anbindung an bestehende Ticketsysteme dank Schnittstellentechnologie<\/li>\n<li>Aktualisierung von BOM-Listen in den Anlagen direkt beim Umbau.<\/li>\n<li style=\"text-align: justify;\">Sie haben eine Idee f\u00fcr eine Anwendung?\u00a0Wir machen es m\u00f6glich!<\/li>\n<\/ul>\n<div id=\"content\" class=\"site-content\" style=\"text-align: justify;\">\n<div id=\"content-inside\" class=\"container no-sidebar\">\n<div id=\"primary\" class=\"content-area\">\n<article id=\"post-4471\" class=\"post-4471 page type-page status-draft hentry\">\n<div class=\"entry-content\">\n<p><u>Beispiel Handwerker:<\/u><\/p>\n<p>F\u00fcr Handwerksbetriebe, egal ob diese nun in Privathaushalten oder in Firmen t\u00e4tig sind, dreht sich nach einer Installation der Gro\u00dfteil der Arbeit um Reparatur und Wartung.\u00a0Ein Sanit\u00e4r- und Heizungsunternehmen bleibt nach dem Einbau einer Anlage im Normalbetrieb, wenn alles reibungslos klappt unbehelligt.\u00a0Der Kunde meldet sich nur dann, wenn etwas nicht mehr funktioniert oder ein Schaden an der Ger\u00e4tschaft eintritt. Wenn nun der Heizkessel leckt oder eine Abflussleitung verstopft ist, kann es dem Kunden oft nicht schnell genug gehen. Dabei k\u00f6nnen die genauen Daten des defekten Teils in den meisten F\u00e4llen nur vor Ort klargestellt werden. Eine frustrierende Situation f\u00fcr den Handwerker und den Kunden. Hat dieser die betreffende Dichtung oder das n\u00f6tige Ersatzteil nicht zuf\u00e4llig dabei, verz\u00f6gert sich das Beheben des Defekts, sowie die Vermeidung m\u00f6glicher Folgesch\u00e4den ungemein.<\/p>\n<p>Mit SIM-pel kann der Kunde mit wenigen Klicks direkt \u00fcber das Smartphone die essentiellen Daten \u00fcbermitteln. So ist der Monteur immer in der Lage auf jeden m\u00f6glichen Fall ad\u00e4quat zu reagieren. Einfach die QR-Codes bei der Installation mit anbringen, damit schnell geholfen werden kann.<\/p>\n<p><u><img loading=\"lazy\" class=\"aligncenter size-large wp-image-4472\" src=\"https:\/\/www.sim-pel.de\/wp-content\/uploads\/2016\/12\/building-1080592_1920-1024x681.jpg\" sizes=\"(max-width: 800px) 100vw, 800px\" srcset=\"https:\/\/www.sim-pel.de\/wp-content\/uploads\/2016\/12\/building-1080592_1920-1024x681.jpg 1024w, https:\/\/www.sim-pel.de\/wp-content\/uploads\/2016\/12\/building-1080592_1920-300x200.jpg 300w, https:\/\/www.sim-pel.de\/wp-content\/uploads\/2016\/12\/building-1080592_1920-768x511.jpg 768w\" alt=\"Handwerker dank SIM-pel\" width=\"800\" height=\"532\" \/>Beispiel Mobilit\u00e4t:<\/u><\/p>\n<p>Mobil zu sein ist das A und O in unserer Hochleistungsgesellschaft. Ungeschickt, wenn einem das eigene Fahrzeug einen Strich durch die Rechnung macht. Egal ob nun der Scheinwerfer des Autos kaputt ist oder das Fahrrad einen platten Reifen hat. Der Kunde erwartet vom zust\u00e4ndigen Reparaturdienst (Vertragswerkstatt oder Fahrradh\u00e4ndler), dass dieser so schnell wie m\u00f6glich das Malheur beseitigt.<\/p>\n<p>Mit SIM-pel muss der Kunde aber nicht erst zur Durchsicht des Fahrzeugs vor Ort sein, sondern kann einfach den QR-Code scannen und damit die wichtigsten Daten inklusive der Schadensmeldung gleich mitschicken. Der Dienstleister spart dabei viel Zeit, da die Unterlagen zum entsprechenden Fahrzeug nicht durchforstet werden m\u00fcssen, sondern kann sich gleich um eine eventuell notwendige Bestellung des zu ersetzenden Teils k\u00fcmmern. Das bedeutet auch mehr Zufriedenheit beim Kunden, da diesem schnell in einem Aufwasch geholfen werden kann.<\/p>\n<p><u><img loading=\"lazy\" class=\"aligncenter size-large wp-image-4473\" src=\"https:\/\/www.sim-pel.de\/wp-content\/uploads\/2016\/12\/highway-1767107_1920-1024x683.jpg\" sizes=\"(max-width: 800px) 100vw, 800px\" srcset=\"https:\/\/www.sim-pel.de\/wp-content\/uploads\/2016\/12\/highway-1767107_1920-1024x683.jpg 1024w, https:\/\/www.sim-pel.de\/wp-content\/uploads\/2016\/12\/highway-1767107_1920-300x200.jpg 300w, https:\/\/www.sim-pel.de\/wp-content\/uploads\/2016\/12\/highway-1767107_1920-768x512.jpg 768w\" alt=\"Mobilit\u00e4t\" width=\"800\" height=\"534\" \/>Beispiel Elektronik:<\/u><\/p>\n<p>Wer kennt es nicht: Man arbeitet an einem wichtigen Dokument, pl\u00f6tzlich schaltet sich der Computer ab und l\u00e4sst sich nicht mehr starten. Die Folge hei\u00dft f\u00fcr den Kunden langwieriges Erl\u00e4utern in einer Hotline, was denn genau vorgefallen ist. F\u00fcr den zust\u00e4ndigen Reparaturdienst frisst das Herausfinden der essentiellen Daten, wie der Produkt ID dabei die meiste Zeit. Denn nur dadurch kann genau ermittelt werden wo die Fehlerquelle ihren Ursprung hat. \u00c4rger und Frust an beiden Enden der Leitung sind oft die Folge.<\/p>\n<figure id=\"attachment_4474\" class=\"wp-caption aligncenter\"><img loading=\"lazy\" class=\"size-large wp-image-4474\" src=\"https:\/\/www.sim-pel.de\/wp-content\/uploads\/2016\/12\/laundry-413688_1920-1024x683.jpg\" sizes=\"(max-width: 800px) 100vw, 800px\" srcset=\"https:\/\/www.sim-pel.de\/wp-content\/uploads\/2016\/12\/laundry-413688_1920-1024x683.jpg 1024w, https:\/\/www.sim-pel.de\/wp-content\/uploads\/2016\/12\/laundry-413688_1920-300x200.jpg 300w, https:\/\/www.sim-pel.de\/wp-content\/uploads\/2016\/12\/laundry-413688_1920-768x512.jpg 768w\" alt=\"Waschmaschine Reparatur\" width=\"800\" height=\"534\" \/><figcaption class=\"wp-caption-text\">Waschmaschine Reparatur<\/figcaption><\/figure>\n<p>In der Zukunft wird mit SIM-pel dieser Prozess nicht nur abgek\u00fcrzt, sondern verl\u00e4uft auch in deutlich spannungsfreieren Bahnen. Mit dem QR-Code auf dem elektronischen Ger\u00e4t wird dem produktbezogenen Servicedienstleister genau \u00fcbermittelt, um welches Ger\u00e4t es sich im Einzelnen handelt. Ein schneller und reibungsloser Ablauf ist garantiert und dem Kunden kann zeitnah geholfen werden.<\/p>\n<p>&nbsp;<\/p>\n<p style=\"text-align: justify;\">\n<!-- Buttons X - Start -->\n<style type=\"text\/css\" scoped>\/*4446-start*\/\n#btnsx-4446{margin-top:0px;margin-bottom:0px;margin-left:0px;margin-right:0px;padding-top:10px;padding-bottom:10px;padding-left:40px;padding-right:40px;}\n#btnsx-4446 .btnsx-text-primary{font-size:21px;line-height:21px;font-style:normal;color:#ffffff;padding-top:0px;padding-bottom:0px;padding-left:0px;padding-right:0px;}\n#btnsx-4446:hover .btnsx-text-primary{color:#777;}\n#btnsx-4446{background-color:#1e73be!important;}\n#btnsx-4446:hover{background-color:#e8e8e8!important;}\n#btnsx-4446{border-top-width:0px;border-bottom-width:0px;border-left-width:0px;border-right-width:0px;border-style:none;border-top-left-radius:0px;border-top-right-radius:0px;border-bottom-left-radius:0px;border-bottom-right-radius:0px;}\n#btnsx-4446:hover{border-top-width:0px;border-bottom-width:0px;border-left-width:0px;border-right-width:0px;border-style:none;border-top-left-radius:0px;border-top-right-radius:0px;border-bottom-left-radius:0px;border-bottom-right-radius:0px;}\n#btnsx-4446{-webkit-box-shadow:2px 2px 2px ;box-shadow:2px 2px 2px ;}\n#btnsx-4446:hover{-webkit-box-shadow:none;box-shadow:none;}\n\/*4446-end*\/\n<\/style>\n<a href=\"https:\/\/www.sim-pel.de\/kontakt\/%20\" id=\"btnsx-4446\" target=\"_self\" class=\"btnsx-btn\" >\n\t<span class=\"btnsx-text-primary \">Interessiert? Schreiben Sie uns!<\/span><\/a>\n\n<!-- Buttons X - End -->\n<\/p>\n<\/div>\n<\/article>\n<\/div>\n<\/div>\n<\/div>\n<p><\/p>","protected":false},"excerpt":{"rendered":"<p>Wo kann SIM-pel Ihnen helfen? Und was sind die Vorteile gegen\u00fcber anderen Maintenance-L\u00f6sungen? Das Alleinstellungsmerkmal unseres\u00a0Service-Systems ist dabei die Unabh\u00e4ngigkeit von Apps und die einfache Handhabung. Den Gateway zwischen Kunden &#8230;<\/p>\n","protected":false},"author":1,"featured_media":0,"parent":0,"menu_order":0,"comment_status":"closed","ping_status":"closed","template":"template-fullwidth.php","meta":{"advanced_seo_description":"","spay_email":""},"jetpack_sharing_enabled":true,"jetpack_shortlink":"https:\/\/wp.me\/P8hcrW-2V","jetpack-related-posts":[{"id":4574,"url":"https:\/\/www.sim-pel.de\/en\/best-practice\/service-mit-sim-pel\/","url_meta":{"origin":181,"position":0},"title":"(Deutsch) Maschinen und Anlagen","date":"Monday January 29th, 2018","format":false,"excerpt":"Sorry, this entry is only available in German.","rel":"","context":"Similar post","img":{"alt_text":"","src":"https:\/\/i0.wp.com\/www.sim-pel.de\/wp-content\/uploads\/2017\/07\/simpelmock3.png?resize=350%2C200&ssl=1","width":350,"height":200},"classes":[]},{"id":4578,"url":"https:\/\/www.sim-pel.de\/en\/sim-pel-im-after-sales\/","url_meta":{"origin":181,"position":1},"title":"(Deutsch) SIM-pel im After Sales","date":"Monday January 29th, 2018","format":false,"excerpt":"Sorry, this entry is only available in German.","rel":"","context":"Similar post","img":{"alt_text":"","src":"","width":0,"height":0},"classes":[]},{"id":1742,"url":"https:\/\/www.sim-pel.de\/en\/","url_meta":{"origin":181,"position":2},"title":"Homepage 15","date":"Monday October 27th, 2014","format":false,"excerpt":"[vc_row type=\"full_width_background\" bg_position=\"left top\" bg_repeat=\"no-repeat\" overlay_opacity=\"0.5\" overlay_zindex=\"1\" text_color=\"dark\" top_padding=\"80\" bottom_padding=\"0\" bg_position_2=\"left top\" bg_repeat_2=\"no-repeat\" overlay_opacity_2=\"0.65\" overlay_zindex_2=\"1\" overlay=\"true\"][vc_column width=\"1\/1\" centered_cont=\"\" background_color_opacity=\"1\" font_color=\"#000000\"][rev_slider_vc alias=\"SIM\"][divider style=\"big_shadow\" margin_top=\"-35px\"][el_head dynamic_title=\"Das digitale Fenster zu Ihren Kunden.\"][vc_column_text]Ein Kunde nutzt eines Ihrer Ger\u00e4te. Er ist zufrieden \u2013 hat aber eine Frage zur Funktionalit\u00e4t oder eine St\u00f6rung. Nun sucht er\u2026","rel":"","context":"Similar post","img":{"alt_text":"","src":"","width":0,"height":0},"classes":[]},{"id":4471,"url":"https:\/\/www.sim-pel.de\/en\/anwendungsbeispiele\/","url_meta":{"origin":181,"position":3},"title":"Best Practice","date":"Tuesday December 20th, 2016","format":false,"excerpt":"For craftsmen: For craft enterprises, no matter how big or small, in the end most of the work after an installation is repairing and maintaining. The client will only trey to get in contact with you when something is not working right - in this case it often can't get\u2026","rel":"","context":"Similar post","img":{"alt_text":"Handwerker dank SIM-pel","src":"https:\/\/i0.wp.com\/www.sim-pel.de\/wp-content\/uploads\/2016\/12\/building-1080592_1920-1024x681.jpg?resize=350%2C200&ssl=1","width":350,"height":200},"classes":[]},{"id":1266,"url":"https:\/\/www.sim-pel.de\/en\/wie-funktioniert-sim-pel\/","url_meta":{"origin":181,"position":4},"title":"Wie funktioniert SIM-pel?","date":"Wednesday October 22nd, 2014","format":false,"excerpt":"[vc_row][vc_column width=\"1\/3\"][vc_column_text] SIM-pel spart enorm viel Zeit \u2013 Der QR-Code macht es m\u00f6glich. [\/vc_column_text][\/vc_column][vc_column width=\"1\/3\"][vc_column_text] Verbindung des QR-Code mit dem Equipment [\/vc_column_text][\/vc_column][vc_column width=\"1\/3\"][vc_column_text] Verbindung des QR-Code mit dem Kunden [\/vc_column_text][\/vc_column][\/vc_row][vc_row][vc_column width=\"1\/3\"][vc_column_text]Jedes Ger\u00e4t hat einen individualisierten QR-Code, der auf der Oberfl\u00e4che Ihrer Produkte ganz einfach angebracht wird. Dieser beinhaltet eine\u00a0ID, die\u2026","rel":"","context":"Similar post","img":{"alt_text":"","src":"","width":0,"height":0},"classes":[]},{"id":4401,"url":"https:\/\/www.sim-pel.de\/en\/demo-code\/","url_meta":{"origin":181,"position":5},"title":"Demo-Code","date":"Monday December  5th, 2016","format":false,"excerpt":"Jetzt ausprobieren - mit dem\u00a0QR-Scanner Ihres Handys *hierbei handelt es sich nur um eine Demo-Page. Die finale Kundenversion wird nach Ihren W\u00fcnschen im Design angepasst. Die Registrierung des Ger\u00e4ts \u00a0 QR-Sticker aufbringen, scannen, Ger\u00e4tedaten eingeben - fertig! \u00a0 Die Anwendung durch den Kunden oder den Service-Techniker \u00a0 QR-Code scannen, Landingpage\u2026","rel":"","context":"Similar post","img":{"alt_text":"sim-pel-ablauf-registrierung","src":"https:\/\/i0.wp.com\/www.sim-pel.de\/wp-content\/uploads\/2016\/12\/SIM-pel-Ablauf-Registrierung-e1481019486163-1024x373.png?resize=350%2C200&ssl=1","width":350,"height":200},"classes":[]}],"_links":{"self":[{"href":"https:\/\/www.sim-pel.de\/en\/wp-json\/wp\/v2\/pages\/181"}],"collection":[{"href":"https:\/\/www.sim-pel.de\/en\/wp-json\/wp\/v2\/pages"}],"about":[{"href":"https:\/\/www.sim-pel.de\/en\/wp-json\/wp\/v2\/types\/page"}],"author":[{"embeddable":true,"href":"https:\/\/www.sim-pel.de\/en\/wp-json\/wp\/v2\/users\/1"}],"replies":[{"embeddable":true,"href":"https:\/\/www.sim-pel.de\/en\/wp-json\/wp\/v2\/comments?post=181"}],"version-history":[{"count":45,"href":"https:\/\/www.sim-pel.de\/en\/wp-json\/wp\/v2\/pages\/181\/revisions"}],"predecessor-version":[{"id":4542,"href":"https:\/\/www.sim-pel.de\/en\/wp-json\/wp\/v2\/pages\/181\/revisions\/4542"}],"wp:attachment":[{"href":"https:\/\/www.sim-pel.de\/en\/wp-json\/wp\/v2\/media?parent=181"}],"curies":[{"name":"wp","href":"https:\/\/api.w.org\/{rel}","templated":true}]}}