{"id":1742,"date":"2014-10-27T12:39:52","date_gmt":"2014-10-27T12:39:52","guid":{"rendered":"http:\/\/newthemes.themeple.co\/solveto\/?page_id=1742"},"modified":"2016-12-05T11:42:44","modified_gmt":"2016-12-05T10:42:44","slug":"homepage-15","status":"publish","type":"page","link":"https:\/\/www.sim-pel.de\/en\/","title":{"rendered":"Homepage 15"},"content":{"rendered":"<p>[vc_row type=&#8221;full_width_background&#8221; bg_position=&#8221;left top&#8221; bg_repeat=&#8221;no-repeat&#8221; overlay_opacity=&#8221;0.5&#8243; overlay_zindex=&#8221;1&#8243; text_color=&#8221;dark&#8221; top_padding=&#8221;80&#8243; bottom_padding=&#8221;0&#8243; bg_position_2=&#8221;left top&#8221; bg_repeat_2=&#8221;no-repeat&#8221; overlay_opacity_2=&#8221;0.65&#8243; overlay_zindex_2=&#8221;1&#8243; overlay=&#8221;true&#8221;][vc_column width=&#8221;1\/1&#8243; centered_cont=&#8221;&#8221; background_color_opacity=&#8221;1&#8243; font_color=&#8221;#000000&#8243;][rev_slider_vc alias=&#8221;SIM&#8221;][divider style=&#8221;big_shadow&#8221; margin_top=&#8221;-35px&#8221;][el_head dynamic_title=&#8221;Das digitale Fenster zu Ihren Kunden.&#8221;][vc_column_text]<strong>Ein Kunde nutzt eines Ihrer Ger\u00e4te. Er ist zufrieden \u2013 hat aber eine Frage zur Funktionalit\u00e4t oder eine St\u00f6rung. Nun sucht er entweder die Bedienungsanleitung, um diese nach der richtigen Information zu durchsuchen oder er versucht im Internet sein Gl\u00fcck. Beides kostet Zeit, die den Kunden nicht zufriedener macht, sondern deprimiert. M\u00f6chte sich der Kunde diese Suche ersparen versucht er sein Gl\u00fcck bei der Servicehotline. Unter Angabe der Ger\u00e4teinformationen wird ihm geholfen \u2013 auch das kostet Zeit und bindet in Ihrem Unternehmen Ressourcen. Mit SIM-pel ist dieser Umstand Vergangenheit &#8211; zum Wohle Ihrer Kunden<br \/>\n<\/strong>[\/vc_column_text][vc_video link=&#8221;https:\/\/www.youtube.com\/watch?v=bp0Scc7LtsE&#8221;][\/vc_column][\/vc_row][vc_row full_width=&#8221;&#8221; parallax=&#8221;&#8221; parallax_image=&#8221;&#8221; type=&#8221;in_container&#8221; bg_image=&#8221;&#8221; bg_position=&#8221;left top&#8221; bg_repeat=&#8221;no-repeat&#8221; parallax_bg=&#8221;&#8221; bg_color=&#8221;&#8221; overlay=&#8221;&#8221; overlay_color=&#8221;&#8221; overlay_opacity=&#8221;0.65&#8243; overlay_zindex=&#8221;1&#8243; video_bg=&#8221;&#8221; video_webm=&#8221;&#8221; video_mp4=&#8221;&#8221; text_color=&#8221;dark&#8221; custom_text_color=&#8221;&#8221; top_padding=&#8221;0&#8243; bottom_padding=&#8221;0&#8243; transparency=&#8221;&#8221; borders=&#8221;&#8221; triangle_top=&#8221;&#8221; triangle_bottom=&#8221;&#8221; second_section=&#8221;&#8221; bg_image_2=&#8221;&#8221; bg_position_2=&#8221;left top&#8221; bg_repeat_2=&#8221;no-repeat&#8221; parallax_bg_2=&#8221;&#8221; bg_color_2=&#8221;&#8221; overlay_2=&#8221;&#8221; overlay_color_2=&#8221;&#8221; overlay_opacity_2=&#8221;0.65&#8243; overlay_zindex_2=&#8221;1&#8243; video_bg_2=&#8221;&#8221; video_webm_2=&#8221;&#8221; video_mp4_2=&#8221;&#8221; class=&#8221;&#8221; section_name=&#8221;&#8221;][vc_column width=&#8221;1\/3&#8243; centered_cont=&#8221;&#8221; column_padding=&#8221;&#8221; background_color=&#8221;&#8221; background_color_opacity=&#8221;1&#8243; background_image=&#8221;&#8221; font_color=&#8221;&#8221; el_class=&#8221;&#8221;][vc_video link=&#8221;https:\/\/www.youtube.com\/watch?v=0SvK_eWBay4&#8243;][\/vc_column][vc_column width=&#8221;1\/3&#8243; centered_cont=&#8221;&#8221; column_padding=&#8221;&#8221; background_color=&#8221;&#8221; background_color_opacity=&#8221;1&#8243; background_image=&#8221;&#8221; font_color=&#8221;&#8221; el_class=&#8221;&#8221;][vc_video link=&#8221;https:\/\/www.youtube.com\/watch?v=cYdIKxsY7SY&#8221;][\/vc_column][vc_column width=&#8221;1\/3&#8243; centered_cont=&#8221;&#8221; column_padding=&#8221;&#8221; background_color=&#8221;&#8221; background_color_opacity=&#8221;1&#8243; background_image=&#8221;&#8221; font_color=&#8221;&#8221; el_class=&#8221;&#8221;][vc_video link=&#8221;https:\/\/www.youtube.com\/watch?v=6vVxCkvMxhI&#8221;][\/vc_column][\/vc_row][vc_row type=&#8221;in_container&#8221; bg_position=&#8221;left top&#8221; bg_repeat=&#8221;no-repeat&#8221; parallax_bg=&#8221;&#8221; overlay=&#8221;&#8221; overlay_opacity=&#8221;0.65&#8243; overlay_zindex=&#8221;1&#8243; video_bg=&#8221;&#8221; text_color=&#8221;dark&#8221; top_padding=&#8221;5&#8243; bottom_padding=&#8221;5&#8243; transparency=&#8221;&#8221; borders=&#8221;1&#8243; triangle_top=&#8221;&#8221; triangle_bottom=&#8221;1&#8243; second_section=&#8221;&#8221; bg_position_2=&#8221;left top&#8221; bg_repeat_2=&#8221;no-repeat&#8221; parallax_bg_2=&#8221;&#8221; overlay_2=&#8221;&#8221; overlay_opacity_2=&#8221;0.65&#8243; overlay_zindex_2=&#8221;1&#8243; video_bg_2=&#8221;&#8221; full_width=&#8221;stretch_row_content&#8221;][vc_column width=&#8221;1\/4&#8243; centered_cont=&#8221;true&#8221; background_color_opacity=&#8221;1&#8243;][services_boxed title=&#8221;Verf\u00fcgbarkeit&#8221; icon_bool=&#8221;yes&#8221; icon=&#8221;steadysets-icon-refresh&#8221; dynamic_content_type=&#8221;content&#8221; dynamic_post=&#8221;3046&#8243; dynamic_page=&#8221;181&#8243; dynamic_content_link=&#8221;#&#8221;]<\/p>\n<p style=\"text-align: center;\">Ihr Kunde m\u00f6chte sofort Zugriff auf Informationen<br \/>\nund Dienstleistungen<\/p>\n<p>[\/services_boxed][\/vc_column][vc_column width=&#8221;1\/4&#8243; centered_cont=&#8221;true&#8221; background_color_opacity=&#8221;1&#8243;][services_boxed title=&#8221;Selbsthilfe&#8221; icon_bool=&#8221;yes&#8221; icon=&#8221;moon-pushpin&#8221; dynamic_content_type=&#8221;content&#8221; dynamic_post=&#8221;3046&#8243; dynamic_page=&#8221;2712&#8243; dynamic_content_link=&#8221;#&#8221;]<\/p>\n<p style=\"text-align: center;\">Ihr Kunde m\u00f6chte sich den Anruf bei Ihrer Hotline sparen und sich Informationen selbst beschaffen<\/p>\n<p>[\/services_boxed][\/vc_column][vc_column width=&#8221;1\/4&#8243; centered_cont=&#8221;true&#8221; background_color_opacity=&#8221;1&#8243;][services_boxed title=&#8221;Mobilit\u00e4t&#8221; icon_bool=&#8221;yes&#8221; icon=&#8221;steadysets-icon-phone-portrait&#8221; dynamic_content_type=&#8221;content&#8221; dynamic_post=&#8221;3046&#8243; dynamic_page=&#8221;181&#8243; dynamic_content_link=&#8221;#&#8221;]<\/p>\n<p style=\"text-align: center;\">Ihr Kunde m\u00f6chte Informationen<br \/>\nohne jegliche lokale Bindung abrufen<\/p>\n<p>[\/services_boxed][\/vc_column][vc_column width=&#8221;1\/4&#8243; centered_cont=&#8221;true&#8221; background_color_opacity=&#8221;1&#8243;][services_boxed title=&#8221;Transparenz&#8221; icon_bool=&#8221;yes&#8221; icon=&#8221;moon-history-2&#8243; dynamic_content_type=&#8221;content&#8221; dynamic_post=&#8221;3046&#8243; dynamic_page=&#8221;2712&#8243; dynamic_content_link=&#8221;#&#8221;]<\/p>\n<p style=\"text-align: center;\">Ihr Kunde m\u00f6chte \u00fcber den Verlauf oder etwaige Verz\u00f6gerungen seiner Bestellung sofort informiert werden<\/p>\n<p>[\/services_boxed][\/vc_column][\/vc_row][vc_row type=&#8221;in_container&#8221; color_lines=&#8221;no&#8221; bg_position=&#8221;left top&#8221; bg_repeat=&#8221;no-repeat&#8221; overlay_opacity=&#8221;0.65&#8243; overlay_zindex=&#8221;1&#8243; text_color=&#8221;dark&#8221; top_padding=&#8221;0&#8243; bottom_padding=&#8221;0&#8243; bg_position_2=&#8221;left top&#8221; bg_repeat_2=&#8221;no-repeat&#8221; overlay_opacity_2=&#8221;0.65&#8243; overlay_zindex_2=&#8221;1&#8243; no_borders=&#8221;1&#8243;][vc_column width=&#8221;1\/1&#8243;][el_head dynamic_title=&#8221;SIM-pel wertet alle Daten entlang des Lebenszyklus Ihrer Ger\u00e4te transparent aus.&#8221;][vc_row_inner][vc_column_inner width=&#8221;1\/2&#8243; centered_cont=&#8221;&#8221; background_color_opacity=&#8221;1&#8243; font_color=&#8221;#000000&#8243;][vc_column_text]<strong>Der Lebenszyklus eines Produktes besteht aus<\/strong><\/p>\n<ul>\n<li>Installation<\/li>\n<li>Inbetriebnahme<\/li>\n<li>Betrieb<\/li>\n<li>St\u00f6rungen<\/li>\n<li>Wartungen<\/li>\n<li>Erweiterung<\/li>\n<li>Austausch<\/li>\n<\/ul>\n<p>&#8230; und dann wieder von vorn.<\/p>\n<p>In jeder Stufe des Lebenszyklus fallen interessante Daten an, Daten die heute meist nicht genutzt werden. Oft weil es zu kompliziert ist diese zu erheben, auszuwerten oder transparent darzustellen.<\/p>\n<p>Daten innerhalb der Garantiezeit zu erheben, was viele schon tun, beleuchtet nur ein kleines Segment.<\/p>\n<p><em>Reicht dies aus?<\/em> Hier setzt SIM-pel an[\/vc_column_text][vc_btn title=&#8221;Mehr&#8221; style=&#8221;modern&#8221; shape=&#8221;rounded&#8221; color=&#8221;primary&#8221; size=&#8221;md&#8221; align=&#8221;inline&#8221; i_align=&#8221;left&#8221; i_type=&#8221;fontawesome&#8221; i_icon_fontawesome=&#8221;fa fa-plus&#8221; i_icon_openiconic=&#8221;vc-oi vc-oi-dial&#8221; i_icon_typicons=&#8221;typcn typcn-adjust-brightness&#8221; i_icon_entypo=&#8221;entypo-icon entypo-icon-note&#8221; i_icon_linecons=&#8221;vc_li vc_li-heart&#8221; link=&#8221;url:http%3A%2F%2Fsim-pel.de%2Fwie-funktioniert-sim%2F||&#8221; button_block=&#8221;&#8221; add_icon=&#8221;true&#8221; i_icon_pixelicons=&#8221;vc_pixel_icon vc_pixel_icon-alert&#8221; css_animation=&#8221;appear&#8221;][\/vc_column_inner][vc_column_inner width=&#8221;1\/2&#8243; centered_cont=&#8221;&#8221; background_color_opacity=&#8221;1&#8243; font_color=&#8221;#000000&#8243;][vc_column_text]<strong> SIM-pel startet mit der Installation<\/strong><\/p>\n<ul>\n<li>Wer<\/li>\n<li>Wo<\/li>\n<li>Wie<\/li>\n<li>Fotos oder Dokumentationen<\/li>\n<li>Abweichungen<\/li>\n<li>Folgeaktivit\u00e4ten<\/li>\n<\/ul>\n<p>Daten werden vom Hersteller zur Verf\u00fcgung gestellt, Installationschecklisten, Videos, Fehlersuch Hilfen und dann vom Kunden oder Dienstleister vervollst\u00e4ndigt, Installationsdatum und -ort, Startdaten und Kontaktpersonen.<\/p>\n<p><strong>Es entsteht ein Ger\u00e4te &#8211; \u201eSteckbrief\u201c<\/strong><\/p>\n<p>Wo? Auf SIM-pel! Wie?<\/p>\n<p>Zugang \u00fcber einen einfacher QR-Code und nat\u00fcrlich eine Autorisierung, Datensicherheit ist die Basis.[\/vc_column_text][\/vc_column_inner][\/vc_row_inner][\/vc_column][\/vc_row]<\/p>\n","protected":false},"excerpt":{"rendered":"<p>[vc_row type=&#8221;full_width_background&#8221; bg_position=&#8221;left top&#8221; bg_repeat=&#8221;no-repeat&#8221; overlay_opacity=&#8221;0.5&#8243; overlay_zindex=&#8221;1&#8243; text_color=&#8221;dark&#8221; top_padding=&#8221;80&#8243; bottom_padding=&#8221;0&#8243; bg_position_2=&#8221;left top&#8221; bg_repeat_2=&#8221;no-repeat&#8221; overlay_opacity_2=&#8221;0.65&#8243; overlay_zindex_2=&#8221;1&#8243; overlay=&#8221;true&#8221;][vc_column width=&#8221;1\/1&#8243; centered_cont=&#8221;&#8221; background_color_opacity=&#8221;1&#8243; font_color=&#8221;#000000&#8243;][rev_slider_vc alias=&#8221;SIM&#8221;][divider style=&#8221;big_shadow&#8221; margin_top=&#8221;-35px&#8221;][el_head dynamic_title=&#8221;Das digitale Fenster zu Ihren Kunden.&#8221;][vc_column_text]Ein Kunde &#8230;<\/p>\n","protected":false},"author":1,"featured_media":0,"parent":0,"menu_order":0,"comment_status":"closed","ping_status":"closed","template":"template-frontpage.php","meta":{"advanced_seo_description":"","spay_email":""},"jetpack_sharing_enabled":true,"jetpack_shortlink":"https:\/\/wp.me\/P8hcrW-s6","jetpack-related-posts":[{"id":181,"url":"https:\/\/www.sim-pel.de\/en\/best-practice\/","url_meta":{"origin":1742,"position":0},"title":"Anwendungsgebiete","date":"Wednesday January  7th, 2015","format":false,"excerpt":"Wo kann SIM-pel Ihnen helfen? Und was sind die Vorteile gegen\u00fcber anderen Maintenance-L\u00f6sungen? Das Alleinstellungsmerkmal unseres\u00a0Service-Systems ist dabei die Unabh\u00e4ngigkeit von Apps und die einfache Handhabung. Den Gateway zwischen Kunden und Hersteller bieten dabei ein intelligenter QR-Code, der bei der Installation oder auch jederzeit nachtr\u00e4glich auf die bereits installierten Anlagen\u2026","rel":"","context":"Similar post","img":{"alt_text":"mockup-mockerie-io-mockup-41-1480930716538","src":"https:\/\/i0.wp.com\/www.sim-pel.de\/wp-content\/uploads\/2015\/01\/mockup-mockerie-io-mockup-41-1480930716538-1024x589.png?resize=350%2C200&ssl=1","width":350,"height":200},"classes":[]},{"id":4471,"url":"https:\/\/www.sim-pel.de\/en\/anwendungsbeispiele\/","url_meta":{"origin":1742,"position":1},"title":"Best Practice","date":"Tuesday December 20th, 2016","format":false,"excerpt":"For craftsmen: For craft enterprises, no matter how big or small, in the end most of the work after an installation is repairing and maintaining. The client will only trey to get in contact with you when something is not working right - in this case it often can't get\u2026","rel":"","context":"Similar post","img":{"alt_text":"Handwerker dank SIM-pel","src":"https:\/\/i0.wp.com\/www.sim-pel.de\/wp-content\/uploads\/2016\/12\/building-1080592_1920-1024x681.jpg?resize=350%2C200&ssl=1","width":350,"height":200},"classes":[]},{"id":4401,"url":"https:\/\/www.sim-pel.de\/en\/demo-code\/","url_meta":{"origin":1742,"position":2},"title":"Demo-Code","date":"Monday December  5th, 2016","format":false,"excerpt":"Jetzt ausprobieren - mit dem\u00a0QR-Scanner Ihres Handys *hierbei handelt es sich nur um eine Demo-Page. Die finale Kundenversion wird nach Ihren W\u00fcnschen im Design angepasst. Die Registrierung des Ger\u00e4ts \u00a0 QR-Sticker aufbringen, scannen, Ger\u00e4tedaten eingeben - fertig! \u00a0 Die Anwendung durch den Kunden oder den Service-Techniker \u00a0 QR-Code scannen, Landingpage\u2026","rel":"","context":"Similar post","img":{"alt_text":"sim-pel-ablauf-registrierung","src":"https:\/\/i0.wp.com\/www.sim-pel.de\/wp-content\/uploads\/2016\/12\/SIM-pel-Ablauf-Registrierung-e1481019486163-1024x373.png?resize=350%2C200&ssl=1","width":350,"height":200},"classes":[]},{"id":4578,"url":"https:\/\/www.sim-pel.de\/en\/sim-pel-im-after-sales\/","url_meta":{"origin":1742,"position":3},"title":"(Deutsch) SIM-pel im After Sales","date":"Monday January 29th, 2018","format":false,"excerpt":"Sorry, this entry is only available in German.","rel":"","context":"Similar post","img":{"alt_text":"","src":"","width":0,"height":0},"classes":[]},{"id":1266,"url":"https:\/\/www.sim-pel.de\/en\/wie-funktioniert-sim-pel\/","url_meta":{"origin":1742,"position":4},"title":"Wie funktioniert SIM-pel?","date":"Wednesday October 22nd, 2014","format":false,"excerpt":"[vc_row][vc_column width=\"1\/3\"][vc_column_text] SIM-pel spart enorm viel Zeit \u2013 Der QR-Code macht es m\u00f6glich. [\/vc_column_text][\/vc_column][vc_column width=\"1\/3\"][vc_column_text] Verbindung des QR-Code mit dem Equipment [\/vc_column_text][\/vc_column][vc_column width=\"1\/3\"][vc_column_text] Verbindung des QR-Code mit dem Kunden [\/vc_column_text][\/vc_column][\/vc_row][vc_row][vc_column width=\"1\/3\"][vc_column_text]Jedes Ger\u00e4t hat einen individualisierten QR-Code, der auf der Oberfl\u00e4che Ihrer Produkte ganz einfach angebracht wird. Dieser beinhaltet eine\u00a0ID, die\u2026","rel":"","context":"Similar post","img":{"alt_text":"","src":"","width":0,"height":0},"classes":[]},{"id":4574,"url":"https:\/\/www.sim-pel.de\/en\/best-practice\/service-mit-sim-pel\/","url_meta":{"origin":1742,"position":5},"title":"(Deutsch) Maschinen und Anlagen","date":"Monday January 29th, 2018","format":false,"excerpt":"Sorry, this entry is only available in German.","rel":"","context":"Similar post","img":{"alt_text":"","src":"https:\/\/i0.wp.com\/www.sim-pel.de\/wp-content\/uploads\/2017\/07\/simpelmock3.png?resize=350%2C200&ssl=1","width":350,"height":200},"classes":[]}],"_links":{"self":[{"href":"https:\/\/www.sim-pel.de\/en\/wp-json\/wp\/v2\/pages\/1742"}],"collection":[{"href":"https:\/\/www.sim-pel.de\/en\/wp-json\/wp\/v2\/pages"}],"about":[{"href":"https:\/\/www.sim-pel.de\/en\/wp-json\/wp\/v2\/types\/page"}],"author":[{"embeddable":true,"href":"https:\/\/www.sim-pel.de\/en\/wp-json\/wp\/v2\/users\/1"}],"replies":[{"embeddable":true,"href":"https:\/\/www.sim-pel.de\/en\/wp-json\/wp\/v2\/comments?post=1742"}],"version-history":[{"count":60,"href":"https:\/\/www.sim-pel.de\/en\/wp-json\/wp\/v2\/pages\/1742\/revisions"}],"predecessor-version":[{"id":4346,"href":"https:\/\/www.sim-pel.de\/en\/wp-json\/wp\/v2\/pages\/1742\/revisions\/4346"}],"wp:attachment":[{"href":"https:\/\/www.sim-pel.de\/en\/wp-json\/wp\/v2\/media?parent=1742"}],"curies":[{"name":"wp","href":"https:\/\/api.w.org\/{rel}","templated":true}]}}