{"id":1596,"date":"2014-10-25T09:43:14","date_gmt":"2014-10-25T07:43:14","guid":{"rendered":"http:\/\/newthemes.themeple.co\/solveto\/?page_id=1596"},"modified":"2018-01-30T15:57:30","modified_gmt":"2018-01-30T14:57:30","slug":"kontakt","status":"publish","type":"page","link":"https:\/\/www.sim-pel.de\/en\/kontakt\/","title":{"rendered":"Ihre Ansprechpartner"},"content":{"rendered":"<p>[vc_row][vc_column width=&#8221;1\/2&#8243;][vc_column_text]<a href=\"https:\/\/www.sim-pel.de\/wp-content\/uploads\/2016\/12\/Eric-Desche.jpg\"><img loading=\"lazy\" class=\"size-medium wp-image-4399\" src=\"https:\/\/www.sim-pel.de\/wp-content\/uploads\/2016\/12\/Eric-Desche-300x290.jpg\" alt=\"Eric Desche\" width=\"300\" height=\"290\" srcset=\"https:\/\/www.sim-pel.de\/wp-content\/uploads\/2016\/12\/Eric-Desche-300x290.jpg 300w, https:\/\/www.sim-pel.de\/wp-content\/uploads\/2016\/12\/Eric-Desche.jpg 395w\" sizes=\"(max-width: 300px) 100vw, 300px\" \/><\/a><\/p>\n<p><strong>Gesch\u00e4ftsf\u00fchrer Eric Desche<\/strong><\/p>\n<p>E-Mail: <a href=\"mailto:e.desche@service-conception.de\">e.desche@service-conception.de<\/a><br \/>\nTel. : 08191 9477841<\/p>\n<p><strong>Service Conception GmbH<\/strong><br \/>\n<strong> Albert-Einstein-Stra\u00dfe 9<\/strong><br \/>\n<strong> 86899 Landsberg am Lech<\/strong><\/p>\n<p><strong>Email: <a href=\"mailto:info@service-conception.de\">info@service-conception.de<\/a><\/strong><br \/>\n<strong> Telefon: 08191 9477841<\/strong>[<\/p>\n<p>[\/vc_column_text][\/vc_column][vc_column width=&#8221;1\/2&#8243;][vc_column_text]<a href=\"https:\/\/www.sim-pel.de\/wp-content\/uploads\/2016\/12\/Julian-Scheer.jpg\"><img loading=\"lazy\" class=\"alignnone wp-image-4400 size-medium\" src=\"https:\/\/www.sim-pel.de\/wp-content\/uploads\/2016\/12\/Julian-Scheer-e1480955880364-272x300.jpg\" alt=\"Julian Scheer\" width=\"272\" height=\"300\" srcset=\"https:\/\/www.sim-pel.de\/wp-content\/uploads\/2016\/12\/Julian-Scheer-e1480955880364-272x300.jpg 272w, https:\/\/www.sim-pel.de\/wp-content\/uploads\/2016\/12\/Julian-Scheer-e1480955880364.jpg 392w\" sizes=\"(max-width: 272px) 100vw, 272px\" \/><\/a><\/p>\n<p><strong>Vertriebsleiter Julian Scheer<\/strong><\/p>\n<p>E-Mail:\u00a0<a href=\"mailto:julian.scheer@insinno.de\">julian.scheer@insinno.de<\/a><br \/>\nTel. : 0151 67200187<\/p>\n<p><strong>insinno\u00a0GmbH<\/strong><br \/>\n<b>Bergheimer Stra\u00dfe 147<\/b><br \/>\n<strong>69115 Heidelberg<\/strong><\/p>\n<p><strong>Email: <a href=\"mailto:info@insinno.de\">info@insinno.de<\/a><\/strong><br \/>\n<strong>Telefon:\u00a006221 3929 170<\/strong>[\/vc_column_text][\/vc_column][\/vc_row]<\/p>","protected":false},"excerpt":{"rendered":"<p>[vc_row][vc_column width=&#8221;1\/2&#8243;][vc_column_text] Gesch\u00e4ftsf\u00fchrer Eric Desche E-Mail: e.desche@service-conception.de Tel. : 08191 9477841 Service Conception GmbH Albert-Einstein-Stra\u00dfe 9 86899 Landsberg am Lech Email: info@service-conception.de Telefon: 08191 9477841[ [\/vc_column_text][\/vc_column][vc_column width=&#8221;1\/2&#8243;][vc_column_text] Vertriebsleiter Julian Scheer &#8230;<\/p>\n","protected":false},"author":1,"featured_media":0,"parent":0,"menu_order":0,"comment_status":"closed","ping_status":"closed","template":"template-fullwidth.php","meta":{"advanced_seo_description":"","spay_email":""},"jetpack_sharing_enabled":true,"jetpack_shortlink":"https:\/\/wp.me\/P8hcrW-pK","jetpack-related-posts":[{"id":252,"url":"https:\/\/www.sim-pel.de\/en\/impressum\/","url_meta":{"origin":1596,"position":0},"title":"Impressum","date":"Thursday September 25th, 2014","format":false,"excerpt":"[vc_row][vc_column][vc_column_text]SIM-pel\u00a0GbR Bergheimer Stra\u00dfe 147 DE - 69115 Telefon: 06221 3929170 E-Mail: info@sim-pel.de Gesch\u00e4ftsf\u00fchrende Gesellschafter: Eric Desche, Sven Kummert Verantwortliche i.S.d. \u00a7 55 Abs. 2 RStV: Sven Kummert, Bergheimer Stra\u00dfe 147, 69115 Heidelberg \u00a0 Disclaimer * Haftungsbeschr\u00e4nkung f\u00fcr eigene Inhalte Alle Inhalte unseres Internetauftritts wurden mit Sorgfalt und nach bestem Gewissen\u2026","rel":"","context":"Similar post","img":{"alt_text":"","src":"","width":0,"height":0},"classes":[]},{"id":4499,"url":"https:\/\/www.sim-pel.de\/en\/contact\/","url_meta":{"origin":1596,"position":1},"title":"(Deutsch) Contact","date":"Thursday January  5th, 2017","format":false,"excerpt":"Sorry, this entry is only available in German.","rel":"","context":"Similar post","img":{"alt_text":"","src":"https:\/\/i0.wp.com\/www.sim-pel.de\/wp-content\/uploads\/2016\/12\/Eric-Desche-300x290.jpg?resize=350%2C200&ssl=1","width":350,"height":200},"classes":[]},{"id":181,"url":"https:\/\/www.sim-pel.de\/en\/best-practice\/","url_meta":{"origin":1596,"position":2},"title":"Anwendungsgebiete","date":"Wednesday January  7th, 2015","format":false,"excerpt":"Wo kann SIM-pel Ihnen helfen? Und was sind die Vorteile gegen\u00fcber anderen Maintenance-L\u00f6sungen? Das Alleinstellungsmerkmal unseres\u00a0Service-Systems ist dabei die Unabh\u00e4ngigkeit von Apps und die einfache Handhabung. Den Gateway zwischen Kunden und Hersteller bieten dabei ein intelligenter QR-Code, der bei der Installation oder auch jederzeit nachtr\u00e4glich auf die bereits installierten Anlagen\u2026","rel":"","context":"Similar post","img":{"alt_text":"mockup-mockerie-io-mockup-41-1480930716538","src":"https:\/\/i0.wp.com\/www.sim-pel.de\/wp-content\/uploads\/2015\/01\/mockup-mockerie-io-mockup-41-1480930716538-1024x589.png?resize=350%2C200&ssl=1","width":350,"height":200},"classes":[]},{"id":4281,"url":"https:\/\/www.sim-pel.de\/en\/kontakt-mkn-thermohauben\/","url_meta":{"origin":1596,"position":3},"title":"Kontakt MKN Thermohauben","date":"Monday November  2nd, 2015","format":false,"excerpt":"[vc_row full_width=\"\" parallax=\"\" parallax_image=\"\" type=\"in_container\" bg_image=\"\" bg_position=\"left top\" bg_repeat=\"no-repeat\" parallax_bg=\"\" bg_color=\"\" overlay=\"\" overlay_color=\"\" overlay_opacity=\"0.65\" overlay_zindex=\"1\" video_bg=\"\" video_webm=\"\" video_mp4=\"\" text_color=\"dark\" custom_text_color=\"\" top_padding=\"0\" bottom_padding=\"0\" transparency=\"\" borders=\"\" triangle_top=\"\" triangle_bottom=\"\" second_section=\"\" bg_image_2=\"\" bg_position_2=\"left top\" bg_repeat_2=\"no-repeat\" parallax_bg_2=\"\" bg_color_2=\"\" overlay_2=\"\" overlay_color_2=\"\" overlay_opacity_2=\"0.65\" overlay_zindex_2=\"1\" video_bg_2=\"\" video_webm_2=\"\" video_mp4_2=\"\" class=\"\" section_name=\"\"][vc_column width=\"1\/1\" centered_cont=\"\" column_padding=\"\" background_color=\"\" background_color_opacity=\"1\" background_image=\"\" font_color=\"\" el_class=\"\"][google_map\u2026","rel":"","context":"Similar post","img":{"alt_text":"","src":"","width":0,"height":0},"classes":[]},{"id":4618,"url":"https:\/\/www.sim-pel.de\/en\/datenschutzerklaerung\/","url_meta":{"origin":1596,"position":4},"title":"(Deutsch) Datenschutzerkl\u00e4rung","date":"Tuesday May 22nd, 2018","format":false,"excerpt":"Sorry, this entry is only available in German.","rel":"","context":"Similar post","img":{"alt_text":"","src":"","width":0,"height":0},"classes":[]},{"id":4578,"url":"https:\/\/www.sim-pel.de\/en\/sim-pel-im-after-sales\/","url_meta":{"origin":1596,"position":5},"title":"(Deutsch) SIM-pel im After Sales","date":"Monday January 29th, 2018","format":false,"excerpt":"Sorry, this entry is only available in German.","rel":"","context":"Similar post","img":{"alt_text":"","src":"","width":0,"height":0},"classes":[]}],"_links":{"self":[{"href":"https:\/\/www.sim-pel.de\/en\/wp-json\/wp\/v2\/pages\/1596"}],"collection":[{"href":"https:\/\/www.sim-pel.de\/en\/wp-json\/wp\/v2\/pages"}],"about":[{"href":"https:\/\/www.sim-pel.de\/en\/wp-json\/wp\/v2\/types\/page"}],"author":[{"embeddable":true,"href":"https:\/\/www.sim-pel.de\/en\/wp-json\/wp\/v2\/users\/1"}],"replies":[{"embeddable":true,"href":"https:\/\/www.sim-pel.de\/en\/wp-json\/wp\/v2\/comments?post=1596"}],"version-history":[{"count":28,"href":"https:\/\/www.sim-pel.de\/en\/wp-json\/wp\/v2\/pages\/1596\/revisions"}],"predecessor-version":[{"id":4604,"href":"https:\/\/www.sim-pel.de\/en\/wp-json\/wp\/v2\/pages\/1596\/revisions\/4604"}],"wp:attachment":[{"href":"https:\/\/www.sim-pel.de\/en\/wp-json\/wp\/v2\/media?parent=1596"}],"curies":[{"name":"wp","href":"https:\/\/api.w.org\/{rel}","templated":true}]}}